{"id":59,"date":"2017-03-07T07:56:50","date_gmt":"2017-03-07T06:56:50","guid":{"rendered":"http:\/\/royalvelvety.russianblue.at\/?page_id=59"},"modified":"2022-04-06T07:07:03","modified_gmt":"2022-04-06T05:07:03","slug":"impressum","status":"publish","type":"page","link":"http:\/\/royalvelvety.russianblue.at\/index.php\/impressum\/","title":{"rendered":"Impressum"},"content":{"rendered":"<p>Webmaster:<br \/>\nIng. STEINER Herbert<br \/>\nSch\u00f6bergerweg 21<br \/>\nA-7201 Neud\u00f6rfl an der Leitha<\/p>\n<p>E-mail info@royalvelvety.com<\/p>\n<p>Haftungsausschluss<br \/>\nInhalt des Onlineangebotes<\/p>\n<p>Der Autor \u00fcbernimmt keinerlei Gew\u00e4hr f\u00fcr die Aktualit\u00e4t, Korrektheit, Vollst\u00e4ndigkeit oder Qualit\u00e4t der bereitgestellten Informationen. Haftungsanspr\u00fcche gegen den Autor, die sich auf Sch\u00e4den materieller oder ideeller Art beziehen, welche durch die Nutzung oder Nichtnutzung der dargebotenen Informationen bzw. durch die Nutzung fehlerhafter und unvollst\u00e4ndiger Informationen verursacht wurden sind grunds\u00e4tzlich ausgeschlossen, sofern seitens des Autors kein nachweislich vors\u00e4tzliches oder grob fahrl\u00e4ssiges Verschulden vorliegt.<br \/>\nAlle Angebote sind freibleibend und unverbindlich. Der Autor beh\u00e4lt es sich ausdr\u00fccklich vor, Teile der Seiten oder das gesamte Angebot ohne gesonderte Ank\u00fcndigung zu ver\u00e4ndern, zu erg\u00e4nzen, zu l\u00f6schen oder die Ver\u00f6ffentlichung zeitweise oder endg\u00fcltig einzustellen.<br \/>\nVerweise und Links<\/p>\n<p>Ich habe auf meinen Seiten Links zu anderen Seiten im Internet gelegt. F\u00fcr all diese Links gilt: Ich m\u00f6chte ausdr\u00fccklich betonen, dass ich keinerlei Einfluss auf die Gestaltung und die Inhalte der gelinkten Seiten habe. Deshalb distanziere ich mich hiermit ausdr\u00fccklich von allen Inhalten aller gelinkten Seiten auf den Seiten der oben aufgef\u00fchrten Domains. Und ich mache mir deren Inhalte nicht zu Eigen. Diese Erkl\u00e4rung gilt f\u00fcr alle auf meiner Seite angebrachten Links und f\u00fcr alle Inhalte der Seiten, zu denen die Banner f\u00fchren. Ich berichte auf meinen Seiten ausschlie\u00dflich \u00fcber Internetseiten und deren Informationen die jedermann frei zug\u00e4nglich sind. F\u00fcr dar\u00fcber hinausgehende Inhalte und insbesondere f\u00fcr Sch\u00e4den, die aus der Nutzung oder Nichtnutzung solcherart dargebotener Informationen entstehen, haftet allein der Anbieter derjenigen Seiten, nicht derjenige, der \u00fcber Links auf die jeweilige Ver\u00f6ffentlichung lediglich hinweist. Diese Einschr\u00e4nkung gilt gleicherma\u00dfen auch f\u00fcr Fremdeintr\u00e4ge in meinem G\u00e4stebuch.<\/p>\n<p>Copyright<br \/>\nAlle verwendeten Markennamen &amp; Warenzeichen sind Eigentum der jeweiligen Firmen. F\u00fcr die Richtigkeit meiner Angaben kann ich keine Haftung \u00fcbernehmen, sollte mir ein Fehlern unterlaufen sein bei der Kennzeichnung, benachrichtigen Sie mich bitte.<br \/>\nRechte auf Fotos<\/p>\n<p>Die Rechte f\u00fcr die auf meiner Website pr\u00e4sentierten Fotografien liegen ausschlie\u00dflich bei mir selbst. Durch die Ver\u00f6ffentlichung auf meiner Website erkl\u00e4re ich mich nicht automatisch damit einverstanden, dass Fotos in irgendeiner Form und ohne meine Zustimmung weiterverwendet werden d\u00fcrfen.<br \/>\nRechtswirksamkeit dieses Haftungsausschlusses<br \/>\nDieser Haftungsausschluss ist als Teil meines Internetangebotes zu betrachten. Sofern Teile oder einzelne Formulierungen dieses Textes der geltenden Rechtslage nicht, nicht mehr oder nicht vollst\u00e4ndig entsprechen sollten, bleiben die \u00fcbrigen Teile des Dokumentes in ihrem Inhalt und ihrer G\u00fcltigkeit davon unber\u00fchrt.<\/p>\n<p>Falls sie dieser Vereinbarung nicht zustimmen, m\u00fcssen sie diese Seiten verlassen.<\/p>\n","protected":false},"excerpt":{"rendered":"<p>Webmaster: Ing. STEINER Herbert Sch\u00f6bergerweg 21 A-7201 Neud\u00f6rfl an der Leitha E-mail info@royalvelvety.com Haftungsausschluss Inhalt des Onlineangebotes Der Autor \u00fcbernimmt keinerlei Gew\u00e4hr f\u00fcr die Aktualit\u00e4t, Korrektheit, Vollst\u00e4ndigkeit oder Qualit\u00e4t der bereitgestellten Informationen. Haftungsanspr\u00fcche gegen den Autor, die sich auf Sch\u00e4den materieller oder ideeller Art beziehen, welche durch die Nutzung oder Nichtnutzung der dargebotenen Informationen bzw. &hellip; <\/p>\n<p class=\"link-more\"><a href=\"http:\/\/royalvelvety.russianblue.at\/index.php\/impressum\/\" class=\"more-link\"><span class=\"screen-reader-text\">\u201eImpressum\u201c<\/span> weiterlesen<\/a><\/p>\n","protected":false},"author":1,"featured_media":0,"parent":0,"menu_order":0,"comment_status":"closed","ping_status":"closed","template":"","meta":{"footnotes":""},"_links":{"self":[{"href":"http:\/\/royalvelvety.russianblue.at\/index.php\/wp-json\/wp\/v2\/pages\/59"}],"collection":[{"href":"http:\/\/royalvelvety.russianblue.at\/index.php\/wp-json\/wp\/v2\/pages"}],"about":[{"href":"http:\/\/royalvelvety.russianblue.at\/index.php\/wp-json\/wp\/v2\/types\/page"}],"author":[{"embeddable":true,"href":"http:\/\/royalvelvety.russianblue.at\/index.php\/wp-json\/wp\/v2\/users\/1"}],"replies":[{"embeddable":true,"href":"http:\/\/royalvelvety.russianblue.at\/index.php\/wp-json\/wp\/v2\/comments?post=59"}],"version-history":[{"count":4,"href":"http:\/\/royalvelvety.russianblue.at\/index.php\/wp-json\/wp\/v2\/pages\/59\/revisions"}],"predecessor-version":[{"id":154,"href":"http:\/\/royalvelvety.russianblue.at\/index.php\/wp-json\/wp\/v2\/pages\/59\/revisions\/154"}],"wp:attachment":[{"href":"http:\/\/royalvelvety.russianblue.at\/index.php\/wp-json\/wp\/v2\/media?parent=59"}],"curies":[{"name":"wp","href":"https:\/\/api.w.org\/{rel}","templated":true}]}}