{"id":9,"date":"2021-03-05T11:25:44","date_gmt":"2021-03-05T10:25:44","guid":{"rendered":"http:\/\/royalvelvety.russianblue.at\/?page_id=9"},"modified":"2023-10-13T18:48:30","modified_gmt":"2023-10-13T16:48:30","slug":"kontakt","status":"publish","type":"page","link":"http:\/\/royalvelvety.russianblue.at\/index.php\/kontakt\/","title":{"rendered":"Kontakt"},"content":{"rendered":"<p>Russisch-Blau K\u00e4tzchen kaufen<\/p>\n<p>Lieber Katzenk\u00e4ufer Sie haben Sie sich dazu entschieden eine Russisch-Blau Katze bei Ihnen einziehen zu lassen.<br \/>\nIn \u00d6sterreich gibt es seri\u00f6se Russisch Blau Z\u00fcchter. Ich empfehle Ihnen mit einem Kontakt aufzunehmen und sie unverbindlich zu besuchen. Besprechen Sie alles rund um Ihr potentielles K\u00e4tzchen am besten pers\u00f6nlich und begutachten Sie auch die Elterntiere. Ein Kauf muss gut \u00fcberlegt sein! Auf ein K\u00e4tzchen warten Sie meistens einige Wochen, in denen Sie die Zeit nutzen sollten um sich auf Ihre Katze\/n vorzubereiten. Ich empfehle Ihnen zum Beispiel vor der Anschaffung einen Allergietest auf Katzenspeichel vornehmen zu lassen. (Eine Katzenhaarallergie ist eine \u00dcberempfindlichkeit gegen ein Eiwei\u00df des Katzenspeichels, welches auf den Haaren haftet.)<\/p>\n<p>Katzen aus meiner Zucht werden ausschlie\u00dflich mit Stammbaum und nach der zweiten Impfung, also ca. im Alter von 12 Wochen \u00fcbergeben. Bei \u00dcbergabe ist die Katze schon gechipt, wobei der K\u00e4ufer den Chip selber registriert. Meine K\u00e4tzchen erhalten au\u00dferdem ein Starterpaket (Futter, Leckerli, Kuscheldecke, Spielzeug) zur Eingew\u00f6hnung im neuen Heim. Das K\u00e4tzchen wird auch gerne pers\u00f6nlich von mir zu ihrem neuen Besitzer gebracht. Ich verkaufe meine Katzen nur an Rasse-Liebhaber, die eine Wohnungshaltung planen.<br \/>\nZum Schutz des Tieres wird ausnahmslos mit jedem K\u00e4ufer ein Kaufvertrag aufgesetzt! In diesem verpflichten Sie sich z.B. das Tier zum richtigen Zeitpunkt zu kastrieren! Ich lege gro\u00dfen Wert auf die vererbte Gesundheit und den Charakter meiner Katzen. Alle meine Tiere sind anh\u00e4nglich und gro\u00dfe Schmuser. Sie bekommen also garantiert einen tollen Begleiter.<\/p>\n<p>Es ist f\u00fcr die Katzen immer besser wenn sie nicht alleine gehalten werden, also empfehle ich zumindest zwei Tiere gemeinsam zu beherbergen. Die Rasse und das Geschlecht spielen dabei in der Regel keine Rolle.<\/p>\n<p>Ich w\u00fcnsche Ihnen viel Gl\u00fcck und vor allem Freude mit Ihrer Russisch-Blau<\/p>\n<p>Anbei meine befreundeten Z\u00fcchter-KollegInnen:<\/p>\n<p><a href=\"http:\/\/tolstoischild.russianblue.at\/\">Tolstois Child<\/a><br \/>\n<a href=\"http:\/\/www.flashpaws.net\/\">Flashpaws<\/a><br \/>\n<a href=\"http:\/\/www.ruskis.ch\/\">Ruskis<\/a><br \/>\n<a href=\"http:\/\/fifeweb.org\/index.php\">FiFe<\/a><br \/>\n<a href=\"http:\/\/snow-island.russianblue.net\/\">Snow-Island<\/a><\/p>\n","protected":false},"excerpt":{"rendered":"<p>Russisch-Blau K\u00e4tzchen kaufen Lieber Katzenk\u00e4ufer Sie haben Sie sich dazu entschieden eine Russisch-Blau Katze bei Ihnen einziehen zu lassen. In \u00d6sterreich gibt es seri\u00f6se Russisch Blau Z\u00fcchter. Ich empfehle Ihnen mit einem Kontakt aufzunehmen und sie unverbindlich zu besuchen. Besprechen Sie alles rund um Ihr potentielles K\u00e4tzchen am besten pers\u00f6nlich und begutachten Sie auch die &hellip; <\/p>\n<p class=\"link-more\"><a href=\"http:\/\/royalvelvety.russianblue.at\/index.php\/kontakt\/\" class=\"more-link\"><span class=\"screen-reader-text\">\u201eKontakt\u201c<\/span> weiterlesen<\/a><\/p>\n","protected":false},"author":1,"featured_media":35,"parent":0,"menu_order":0,"comment_status":"closed","ping_status":"closed","template":"","meta":{"footnotes":""},"_links":{"self":[{"href":"http:\/\/royalvelvety.russianblue.at\/index.php\/wp-json\/wp\/v2\/pages\/9"}],"collection":[{"href":"http:\/\/royalvelvety.russianblue.at\/index.php\/wp-json\/wp\/v2\/pages"}],"about":[{"href":"http:\/\/royalvelvety.russianblue.at\/index.php\/wp-json\/wp\/v2\/types\/page"}],"author":[{"embeddable":true,"href":"http:\/\/royalvelvety.russianblue.at\/index.php\/wp-json\/wp\/v2\/users\/1"}],"replies":[{"embeddable":true,"href":"http:\/\/royalvelvety.russianblue.at\/index.php\/wp-json\/wp\/v2\/comments?post=9"}],"version-history":[{"count":10,"href":"http:\/\/royalvelvety.russianblue.at\/index.php\/wp-json\/wp\/v2\/pages\/9\/revisions"}],"predecessor-version":[{"id":136,"href":"http:\/\/royalvelvety.russianblue.at\/index.php\/wp-json\/wp\/v2\/pages\/9\/revisions\/136"}],"wp:featuredmedia":[{"embeddable":true,"href":"http:\/\/royalvelvety.russianblue.at\/index.php\/wp-json\/wp\/v2\/media\/35"}],"wp:attachment":[{"href":"http:\/\/royalvelvety.russianblue.at\/index.php\/wp-json\/wp\/v2\/media?parent=9"}],"curies":[{"name":"wp","href":"https:\/\/api.w.org\/{rel}","templated":true}]}}